{"id":791,"date":"2022-06-21T23:25:04","date_gmt":"2022-06-21T21:25:04","guid":{"rendered":"https:\/\/centromoviljj.com\/?page_id=791"},"modified":"2022-06-25T19:31:12","modified_gmt":"2022-06-25T17:31:12","slug":"condiciones-generales","status":"publish","type":"page","link":"https:\/\/centromoviljj.com\/?page_id=791","title":{"rendered":"CONDICIONES GENERALES"},"content":{"rendered":"<p>[vc_row][vc_column][vc_column_text]<\/p>\n<h2>CONDICIONES GENERALES<\/h2>\n<p>Las compras realizadas en\u00a0<strong>Centro M\u00f3vil J&amp;J<\/strong>\u00a0est\u00e1n sometidas a la normativa vigente y el resto de la legislaci\u00f3n concordante, y estar\u00e1n sujetas al pago del Impuesto sobre el Valor A\u00f1adido (IVA) seg\u00fan lo establecido en la normativa vigente para las personas f\u00edsicas o jur\u00eddicas residentes en Estados miembros de la Uni\u00f3n Europea.<\/p>\n<p>Las caracter\u00edsticas de los productos y sus precios aparecer\u00e1n en pantalla y ser\u00e1n los correspondientes a los mismos salvo error u omisi\u00f3n. Los art\u00edculos estar\u00e1n disponibles para su venta hasta fin de existencias. Los precios indicados en pantalla son en Euros, incluyen IVA, son los vigentes y son v\u00e1lidos en el momento de la aceptaci\u00f3n del pedido, salvo error mecanogr\u00e1fico u omisi\u00f3n del mismo.\u00a0<strong>La aceptaci\u00f3n de un pedido implica la aceptaci\u00f3n de nuestras condiciones generales<\/strong>.<\/p>\n<p>Los indicadores de stock se encuentran actualizados en la medida de lo posible. A\u00fan as\u00ed, es posible que en alg\u00fan momento las existencias se hayan agotado o el indicador no est\u00e9 actualizado. Los stocks indicados en los productos de nuestra tienda on-line no tienen por qu\u00e9 coincidir con los stocks de nuestra tienda f\u00edsica. Consultar en caso de duda.<\/p>\n<p>Todos\u00a0<strong>los pedidos est\u00e1n sujetos a la disponibilidad de los art\u00edculos<\/strong>. Si hubiera dificultades en el suministro de los productos o no hubiera stock de los mismos, se comunicar\u00e1 al cliente, pudiendo \u00e9ste cambiar los art\u00edculos por otros que s\u00ed est\u00e9n disponibles, o bien solicitar la devoluci\u00f3n del importe de la compra.<\/p>\n<p>Los precios que aparecen en nuestra web son v\u00e1lidos, salvo error tipogr\u00e1fico, y hasta fin de existencias. Intentamos mantener nuestros precios en l\u00ednea con los del mercado, y es por eso que\u00a0<strong>pueden variar sin previo aviso<\/strong>. Si se produjese la venta de un producto cuyo precio fuese incorrecto debido a un error tipogr\u00e1fico, se comunicar\u00e1 inmediatamente al comprador, teniendo el mismo derecho a cancelar la compra.<\/p>\n<p>Las im\u00e1genes de los productos son orientativas, y en alg\u00fan caso puntual pueden diferir m\u00ednimamente del producto final.<\/p>\n<h2>GARANTIA<\/h2>\n<p>Todos los productos suministrados por Centro M\u00f3vil J&amp;J tienen los 2 a\u00f1os de Garant\u00eda Oficial del Fabricante<strong>\u00a0marcados por la Ley<\/strong>.<\/p>\n<p>Centro M\u00f3vil J&amp;J facilitar\u00e1 las direcciones de los Servicios de Asistencia T\u00e9cnica m\u00e1s cercanos al domicilio del cliente. Tanto el env\u00edo como los gastos que pudieran generar la reparaci\u00f3n o asistencia de los productos en garant\u00eda,\u00a0<strong>ser\u00e1n regulados por el condicionado particular de garant\u00eda de cada fabricante<\/strong>.<\/p>\n<p>En ning\u00fan caso la garant\u00eda cubre el mal uso de los productos, ni el deterioro o desgaste ocasionado por el uso de los mismos. Para la debida gesti\u00f3n de la garant\u00eda, es necesario que el cliente contacte con nuestro SAT v\u00eda correo electr\u00f3nico en <a href=\"mailto:Centromoviljj9@gmail.com\">Centromoviljj9@gmail.com<\/a><\/p>\n<h2>PAGO<\/h2>\n<p>Podr\u00e1s elegir entre las siguientes formas de pago para tu pedido:<\/p>\n<ul>\n<li><strong>Pago con tarjeta de cr\u00e9dito<\/strong>: Aceptamos tanto tarjetas de cr\u00e9dito como de d\u00e9bito. Para su mayor seguridad, y al igual que en todos nuestros procesos on-line, la gesti\u00f3n de tu pago con tarjeta ser\u00e1 tratada con las m\u00e1ximas garant\u00edas de seguridad, tanto en nuestro servidor seguro como en la web de la entidad bancaria BBVA, donde procesar\u00e1n su pago en su TPV Virtual 3D Secure, no teniendo acceso Centro M\u00f3vil J&amp;J a sus datos de tarjeta de cr\u00e9dito en ning\u00fan momento. Si no tienes securizada tu tarjeta de cr\u00e9dito o d\u00e9bito, te recomendamos solicitarlo a tu banco. De \u00e9sta manera, tendr\u00e1s las m\u00e1ximas garant\u00edas de seguridad en el caso de sustracci\u00f3n o robo.<\/li>\n<li><strong>Pago por transferencia bancaria<\/strong>: Si eliges esta forma de pago, deber\u00e1s revisar el correo electr\u00f3nico que te hayamos mandado con los datos bancarios para realizar el ingreso o transferencia. Una vez confirmado el pago, procederemos a tramitar tu pedido.<\/li>\n<li><strong>Pago contra reembolso<\/strong>: Cuando el repartidor te entregue el pedido, tendr\u00e1s que abonar el importe de la factura en met\u00e1lico m\u00e1s un 2,9% del total por gastos de gesti\u00f3n de reembolso.\u00a0<strong>\u00c9sta modalidad de pago es s\u00f3lo v\u00e1lida para env\u00edos a la Pen\u00ednsula y para importes no superiores a 500 \u20ac<\/strong>. Los env\u00edos contra reembolso, al no poder ser realizados directamente desde los almacenes de nuestros proveedores,\u00a0<strong>pueden demorar su entrega en 3 o 4 d\u00edas<\/strong>.<\/li>\n<\/ul>\n<h2>ENVIO<\/h2>\n<p>Una vez finalizado el pedido, y llegada la confirmaci\u00f3n del pago, recibir\u00e1s tu pedido en un plazo que oscila entre UNO Y SIETE\u00a0 d\u00edas LABORABLES, en la direcci\u00f3n indicada en el formulario de compra, siempre en funci\u00f3n de las disponibilidades y plazos de entrega de los proveedores. Si por alg\u00fan motivo no podemos garantizar el plazo de entrega, recibir\u00e1s un correo comunic\u00e1ndote el plazo real.<\/p>\n<p>Los\u00a0<strong>portes ser\u00e1n gratuitos a partir de 50 \u20ac de pedido.<\/strong>\u00a0Para importes menores,\u00a0<strong>se a\u00f1adir\u00e1n 4 \u20ac<\/strong>\u00a0al coste de la compra, excepto en el caso de embalajes especiales, muy pesados o voluminosos. En esta circunstancia se contactar\u00e1 con el cliente para concertar el importe del env\u00edo. En todos los casos,\u00a0<strong>nos referimos a env\u00edos dentro de la pen\u00ednsula<\/strong>. Para otro tipo de env\u00edos, por favor consultar.<\/p>\n<p><strong>Importante:<\/strong>\u00a0Los env\u00edos a Canarias, Ceuta y Melilla generan unos gastos extra por tr\u00e1mites de aduanas, que\u00a0el cliente deber\u00e1 abonar al recibir su pedido, as\u00ed como el correspondiente impuesto (IGIC, IPSI\u2026). En caso de dudas, consultar.<\/p>\n<p>En el caso de env\u00edo contra reembolso, los gastos ser\u00e1n los mismos que en otras modalidades de pago, excepto que habr\u00e1 que sumar un\u00a0<strong>extra de un 2,9%<\/strong>\u00a0del total del pedido por gastos de reembolso.<\/p>\n<p>Tambi\u00e9n existe la posibilidad de recoger tu pedido en nuestras instalaciones, situadas en la\u00a0<strong>Avd. Constituci\u00f3n 30, Gij\u00f3n<\/strong>, 33207 (Asturias). En este caso, es imprescindible presentar el justificante de confirmaci\u00f3n de compra que deber\u00e1s haber impreso una vez realizada la misma.<\/p>\n<h2>DEVOLUCIONES<\/h2>\n<p>Si el cliente no queda satisfecho con los productos adquiridos, los podr\u00e1 devolver en un plazo no superior a\u00a0<strong>14 d\u00edas<\/strong>, contando desde la recepci\u00f3n del producto hasta su retorno a nuestros almacenes, y siempre que la devoluci\u00f3n sea previamente aprobada por\u00a0<strong>Centro M\u00f3vil J&amp;J<\/strong>.<\/p>\n<p>El procedimiento a seguir para realizar una devoluci\u00f3n de material es el siguiente:<\/p>\n<ul>\n<li>Accede a tu cuenta y, desde el \u00e1rea de usuario, selecciona tu pedido y m\u00e1ndanos un email haciendo referencia a la devoluci\u00f3n, o contacta mediante info@centromoviljj.com<\/li>\n<li>Una vez que aprobemos la devoluci\u00f3n, debes remitirnos el material por la agencia de transporte que prefieras,\u00a0<strong>siempre a PORTES PAGADOS POR EL CLIENTE<\/strong>. Debes empaquetarlo con sumo cuidado, siempre en el embalaje original en el que recibiste el producto, ya que si el material sufre alg\u00fan desperfecto motivado por el transporte,\u00a0<strong>la responsabilidad ser\u00e1 del cliente en todo caso<\/strong>.\u00a0<strong>No se aceptar\u00e1 ning\u00fan material devuelto que venga a portes debidos<\/strong>.<\/li>\n<li>Una vez recibida la mercanc\u00eda en devoluci\u00f3n, la revisaremos en el plazo de\u00a0<strong>3-4 d\u00edas<\/strong>\u00a0para comprobar su perfecto estado. En el caso de detectar alg\u00fan desperfecto, marcas de uso evidente, deterioro, embalaje incorrecto, etc. nos reservamos el derecho de devaluar el material a modo de indemnizaci\u00f3n. Si el pedido super\u00f3 los 50 \u20ac, los portes de env\u00edo fueron asumidos por nosotros, por lo que\u00a0<strong>se descontar\u00e1n del importe a devolver 4\u20ac por este concepto<\/strong>.<\/li>\n<li><strong>Importante<\/strong>: Si has solicitado la devoluci\u00f3n del dinero,\u00a0<strong>el importe ser\u00e1 devuelto en un plazo m\u00e1ximo de una semana desde la recepci\u00f3n de la mercanc\u00eda<\/strong>.<\/li>\n<li>Si por el contrario, has solicitado el cambio por otro material, se te enviar\u00e1 el reemplazo lo antes posible. En este caso, si hubiera una diferencia econ\u00f3mica a tu favor, se te abonar\u00eda la misma. Si fuera a nuestro favor, te enviaremos un vale por el importe de tu pedido inicial (descontando gastos, posible devaluaci\u00f3n de los productos, \u2026) para que puedas aplicarlo al realizar el pedido del material por el que quieres canjear.<\/li>\n<\/ul>\n<p>Las normas respecto a las devoluciones (reguladas por la Ley del 15\/1\/96 n\u00famero 7\/1996) son las siguientes:<\/p>\n<ul>\n<li>No se admitir\u00e1n devoluciones autorizadas que no vengan en su embalaje original y con el producto en perfecto estado.<\/li>\n<li>Los productos que puedan ser reproducidos o copiados con car\u00e1cter inmediato (Compact Disc, DVD, software, pel\u00edculas de v\u00eddeo, libros, etc.) no se admitir\u00e1n en devoluci\u00f3n a no ser que sean defectuosos. En ese caso se cambiar\u00eda por otro nuevo de id\u00e9nticas caracter\u00edsticas. Esto incluye productos hardware que incluyan drivers y\/o programas para su instalaci\u00f3n y funcionamiento.<\/li>\n<li>Da\u00f1os en el transporte:\n<ul>\n<li>Si en la recepci\u00f3n de la mercanc\u00eda descubre que tiene da\u00f1os de transporte, notif\u00edquelo inmediatamente al transportista y contacte con nosotros en <a href=\"mailto:Centromoviljj9@gmail.com\">Centromoviljj9@gmail.com<\/a><\/li>\n<li>Cuando la devoluci\u00f3n es del cliente a nosotros, el cliente es responsable de los da\u00f1os que puedan producirse en el transporte.<\/li>\n<\/ul>\n<\/li>\n<\/ul>\n<p>[\/vc_column_text][\/vc_column][\/vc_row]<\/p>\n","protected":false},"excerpt":{"rendered":"<p>[vc_row][vc_column][vc_column_text] CONDICIONES GENERALES Las compras realizadas en\u00a0Centro M\u00f3vil J&amp;J\u00a0est\u00e1n sometidas a la normativa vigente y el resto de la legislaci\u00f3n concordante, y estar\u00e1n sujetas al&#8230;<\/p>\n","protected":false},"author":1,"featured_media":0,"parent":0,"menu_order":0,"comment_status":"closed","ping_status":"closed","template":"","meta":{"footnotes":""},"class_list":["post-791","page","type-page","status-publish","hentry"],"_links":{"self":[{"href":"https:\/\/centromoviljj.com\/index.php?rest_route=\/wp\/v2\/pages\/791","targetHints":{"allow":["GET"]}}],"collection":[{"href":"https:\/\/centromoviljj.com\/index.php?rest_route=\/wp\/v2\/pages"}],"about":[{"href":"https:\/\/centromoviljj.com\/index.php?rest_route=\/wp\/v2\/types\/page"}],"author":[{"embeddable":true,"href":"https:\/\/centromoviljj.com\/index.php?rest_route=\/wp\/v2\/users\/1"}],"replies":[{"embeddable":true,"href":"https:\/\/centromoviljj.com\/index.php?rest_route=%2Fwp%2Fv2%2Fcomments&post=791"}],"version-history":[{"count":4,"href":"https:\/\/centromoviljj.com\/index.php?rest_route=\/wp\/v2\/pages\/791\/revisions"}],"predecessor-version":[{"id":838,"href":"https:\/\/centromoviljj.com\/index.php?rest_route=\/wp\/v2\/pages\/791\/revisions\/838"}],"wp:attachment":[{"href":"https:\/\/centromoviljj.com\/index.php?rest_route=%2Fwp%2Fv2%2Fmedia&parent=791"}],"curies":[{"name":"wp","href":"https:\/\/api.w.org\/{rel}","templated":true}]}}