{"id":3,"date":"2022-06-16T21:01:08","date_gmt":"2022-06-16T19:01:08","guid":{"rendered":"https:\/\/centromoviljj.com\/?page_id=3"},"modified":"2022-06-21T23:27:19","modified_gmt":"2022-06-21T21:27:19","slug":"politica-privacidad","status":"publish","type":"page","link":"https:\/\/centromoviljj.com\/?page_id=3","title":{"rendered":"POL\u00cdTICA DE PRIVACIDAD"},"content":{"rendered":"\r\n<h2 class=\"wp-block-heading\">Pol\u00edtica de Privacidad<\/h2>\r\n\r\n\r\n\r\n<p><strong>CENTRO MOVIL J&amp;J<\/strong>\u00a0garantiza la seguridad y confidencialidad en todas sus comunicaciones con sus clientes.<br \/><br \/>Asimismo, garantizamos la protecci\u00f3n y confidencialidad de los datos personales, domiciliarios, de pago y de cualquier otro tipo que nos proporcionen nuestros clientes de acuerdo con lo dispuesto en el REGLAMENTO GENERAL DE PROTECCI\u00d3N DE DATOS (REGLAMENTO (UE) 2016\/679 DEL PARLAMENTO EUROPEO Y DEL CONSEJO de 27 de abril de 2016 relativo a la protecci\u00f3n de las personas f\u00edsicas en lo que respecta al tratamiento de datos personales y a la libre circulaci\u00f3n de estos datos) y dem\u00e1s normativa vigente de protecci\u00f3n de datos.<br \/><br \/>Todos los datos facilitados por nuestros clientes a\u00a0<strong>CENTRO MOVIL J&amp;J<\/strong>\u00a0o a sus empleados, ser\u00e1n incluidos en un fichero automatizado de datos de car\u00e1cter personal creado y mantenido bajo la responsabilidad de\u00a0<strong>CENTRO MOVIL J&amp;J<\/strong>.<\/p>\r\n\r\n\r\n\r\n<figure class=\"wp-block-image size-full\"><img loading=\"lazy\" decoding=\"async\" width=\"760\" height=\"395\" class=\"wp-image-729\" src=\"https:\/\/centromoviljj.com\/wp-content\/uploads\/2022\/06\/Imagen-1-1.png\" alt=\"\" srcset=\"https:\/\/centromoviljj.com\/wp-content\/uploads\/2022\/06\/Imagen-1-1.png 760w, https:\/\/centromoviljj.com\/wp-content\/uploads\/2022\/06\/Imagen-1-1-300x156.png 300w, https:\/\/centromoviljj.com\/wp-content\/uploads\/2022\/06\/Imagen-1-1-1x1.png 1w, https:\/\/centromoviljj.com\/wp-content\/uploads\/2022\/06\/Imagen-1-1-10x5.png 10w, https:\/\/centromoviljj.com\/wp-content\/uploads\/2022\/06\/Imagen-1-1-600x312.png 600w\" sizes=\"auto, (max-width: 760px) 100vw, 760px\" \/><\/figure>\r\n\r\n\r\n\r\n<p>En cumplimiento de lo dispuesto en el REGLAMENTO GENERAL DE PROTECCI\u00d3N DE DATOS (REGLAMENTO (UE) 2016\/679 DEL PARLAMENTO EUROPEO Y DEL CONSEJO de 27 de abril de 2016), los clientes pueden, en todo momento, ejercitar los derechos de acceso, rectificaci\u00f3n, cancelaci\u00f3n y oposici\u00f3n sobre sus datos personales comunic\u00e1ndolo bien por escrito a Centro M\u00f3vil J&amp;J, Avd. Constituci\u00f3n 30, Gij\u00f3n 33207 (Asturias), o bien por e-mail a la direcci\u00f3n\u00a0info@centromoviljj.com.<br \/><br \/>Aviso importante: En el caso que los datos suministrados est\u00e9n asociados a una compra, la legislaci\u00f3n espa\u00f1ola nos obliga a mantenerlos al menos durante cinco a\u00f1os, por lo que no se podr\u00e1n borrar ni rectificar aunque el cliente as\u00ed lo solicite.<\/p>\r\n\r\n\r\n\r\n<h3 class=\"wp-block-heading\"><strong>Datos recopilados en los formularios<\/strong><\/h3>\r\n\r\n\r\n\r\n<p>La finalidad del tratamiento de los datos para la que usted da su consentimiento ser\u00e1 la de gestionar los datos de los clientes\/usuarios que accedan al formulario de contacto de la p\u00e1gina web de la entidad, contestar sus consultas y\/o enviar publicidad de productos o servicios que puedan ser de su inter\u00e9s. Los datos proporcionados se conservar\u00e1n mientras no solicite el cese de la actividad y no se ceder\u00e1n a terceros, salvo obligaci\u00f3n legal. Ud. tiene derecho al acceso, rectificaci\u00f3n o a solicitar su supresi\u00f3n cuando los datos ya no sean necesarios para los fines que fueron recogidos en los t\u00e9rminos previstos en la Ley, que podr\u00e1 ejercitar mediante escrito dirigido al responsable de los mismos en la direcci\u00f3n de e-mail:\u00a0info@centromoviljj.com.<\/p>\r\n\r\n\r\n\r\n<h3 class=\"wp-block-heading\"><strong>R.G.P.D. y L.O.P.D.<\/strong><\/h3>\r\n\r\n\r\n\r\n<p><strong>RESPONSABLE: \u00bfQui\u00e9n es el Responsable del tratamiento de sus datos?<\/strong><\/p>\r\n\r\n\r\n\r\n<p>Identidad: Centro M\u00f3vil J&amp;J, Avd. Constituci\u00f3n 30, Gij\u00f3n 33207 (Asturias) , en adelante ENTIDAD<br \/>Direcci\u00f3n: Avd. Constituci\u00f3n 30, Gij\u00f3n 33207 (Asturias)<br \/>E-mail:\u00a0info@centromoviljj.com<\/p>\r\n\r\n\r\n\r\n<h3 class=\"wp-block-heading\"><strong>DERECHOS: \u00bfCu\u00e1les son sus derechos cuando nos facilita sus datos?<\/strong><\/h3>\r\n\r\n\r\n\r\n<figure class=\"wp-block-image size-full\"><img loading=\"lazy\" decoding=\"async\" width=\"729\" height=\"454\" class=\"wp-image-731\" src=\"https:\/\/centromoviljj.com\/wp-content\/uploads\/2022\/06\/Imagen-1-2.png\" alt=\"\" srcset=\"https:\/\/centromoviljj.com\/wp-content\/uploads\/2022\/06\/Imagen-1-2.png 729w, https:\/\/centromoviljj.com\/wp-content\/uploads\/2022\/06\/Imagen-1-2-300x187.png 300w, https:\/\/centromoviljj.com\/wp-content\/uploads\/2022\/06\/Imagen-1-2-1x1.png 1w, https:\/\/centromoviljj.com\/wp-content\/uploads\/2022\/06\/Imagen-1-2-10x6.png 10w, https:\/\/centromoviljj.com\/wp-content\/uploads\/2022\/06\/Imagen-1-2-600x374.png 600w\" sizes=\"auto, (max-width: 729px) 100vw, 729px\" \/><\/figure>\r\n\r\n\r\n\r\n<ul class=\"wp-block-list\">\r\n<li>Acceso: El interesado tiene derecho a saber que datos est\u00e1 tratando la ENTIDAD sobre \u00e9l.<\/li>\r\n<li>Rectificaci\u00f3n: El interesado tiene derecho a solicitar la rectificaci\u00f3n de los datos inexactos.<\/li>\r\n<li>Supresi\u00f3n: El interesado tiene derecho a solicitar la supresi\u00f3n de sus datos cuando, entro otros motivos, los datos no sean necesarios para los fines que fueron recogidos.<\/li>\r\n<li>Limitaci\u00f3n del tratamiento: En determinadas circunstancias el interesado podr\u00e1 solicitar la limitaci\u00f3n del tratamiento de sus datos, en cuyo caso \u00fanicamente los conservaremos para el ejercicio o la defensa de reclamaciones.<\/li>\r\n<li>Oposici\u00f3n: En determinadas circunstancias el interesado podr\u00e1 oponerse al tratamiento de sus datos. En ese caso la ENTIDAD dejar\u00e1 de tratar sus datos, salvo por motivos leg\u00edtimos imperiosos o el ejercicio o la defensa de posibles reclamaciones.<\/li>\r\n<li>Portabilidad de los datos: S\u00f3lo aplicable a datos automatizados y consiste en pasar los datos desde la ENTIDAD a otro nuevo RESPONSABLE DEL TRATAMIENTO (no al interesado y por solicitud del mismo).<\/li>\r\n<li>TIEMPO DE CONSERVACION: Los datos proporcionados se conservar\u00e1n mientras no solicite el cese, se sigan manteniendo relaciones comerciales u obliguen a su conservaci\u00f3n otras leyes aplicables.<\/li>\r\n<\/ul>\r\n\r\n\r\n\r\n<p>Puede usted ejercer sus derechos inclu\u00eddo el derecho a retirar su consentimiento (si este fue otorgado) enviando un escrito a:<\/p>\r\n\r\n\r\n\r\n<p>Centro M\u00f3vil J&amp;J Avd. Constituci\u00f3n 30, Gij\u00f3n 33207 (Asturias)<\/p>\r\n\r\n\r\n\r\n<p>\u2026 o enviando un e-mail a\u00a0info@centromoviljj.com. Adem\u00e1s tiene usted derecho a presentar una reclamaci\u00f3n ante la Autoridad de Control en materia de Protecci\u00f3n de Datos, actualmente la Agencia Espa\u00f1ola de Protecci\u00f3n de Datos.<\/p>\r\n","protected":false},"excerpt":{"rendered":"<p>Pol\u00edtica de Privacidad CENTRO MOVIL J&amp;J\u00a0garantiza la seguridad y confidencialidad en todas sus comunicaciones con sus clientes. Asimismo, garantizamos la protecci\u00f3n y confidencialidad de los&#8230;<\/p>\n","protected":false},"author":1,"featured_media":0,"parent":0,"menu_order":0,"comment_status":"closed","ping_status":"closed","template":"","meta":{"footnotes":""},"class_list":["post-3","page","type-page","status-publish","hentry"],"_links":{"self":[{"href":"https:\/\/centromoviljj.com\/index.php?rest_route=\/wp\/v2\/pages\/3","targetHints":{"allow":["GET"]}}],"collection":[{"href":"https:\/\/centromoviljj.com\/index.php?rest_route=\/wp\/v2\/pages"}],"about":[{"href":"https:\/\/centromoviljj.com\/index.php?rest_route=\/wp\/v2\/types\/page"}],"author":[{"embeddable":true,"href":"https:\/\/centromoviljj.com\/index.php?rest_route=\/wp\/v2\/users\/1"}],"replies":[{"embeddable":true,"href":"https:\/\/centromoviljj.com\/index.php?rest_route=%2Fwp%2Fv2%2Fcomments&post=3"}],"version-history":[{"count":4,"href":"https:\/\/centromoviljj.com\/index.php?rest_route=\/wp\/v2\/pages\/3\/revisions"}],"predecessor-version":[{"id":798,"href":"https:\/\/centromoviljj.com\/index.php?rest_route=\/wp\/v2\/pages\/3\/revisions\/798"}],"wp:attachment":[{"href":"https:\/\/centromoviljj.com\/index.php?rest_route=%2Fwp%2Fv2%2Fmedia&parent=3"}],"curies":[{"name":"wp","href":"https:\/\/api.w.org\/{rel}","templated":true}]}}