{"id":18,"date":"2016-09-07T11:58:15","date_gmt":"2016-09-07T09:58:15","guid":{"rendered":"https:\/\/xstore.8theme.com\/demos\/landing-watch\/?page_id=18"},"modified":"2022-06-25T19:10:49","modified_gmt":"2022-06-25T17:10:49","slug":"inicio","status":"publish","type":"page","link":"https:\/\/centromoviljj.com\/","title":{"rendered":"INICIO"},"content":{"rendered":"<p>[vc_row content_placement=\u00bbmiddle\u00bb css=\u00bb.vc_custom_1656163602354{margin-bottom: -10vw !important;}\u00bb el_id=\u00bbet-introductions\u00bb _et_uniqid=\u00bbet_custom_uniqid_new_62b70d084d911&#8243;][vc_column width=\u00bb1\/2&#8243; el_class=\u00bbet-first-image\u00bb][vc_column_text css_animation=\u00bbleft-to-right\u00bb]<\/p>\n<h2 style=\"font-size: 3.45em;\">Tu tienda de tecnolog\u00eda de confianza. <a style=\"color: #5196d6;\" href=\"http:\/\/p.wallapop.com\/p\/91557322?_pid=wi&amp;_uid=91557322&amp;_me=s_ios\">Visita nuestra tienda online<\/a><\/h2>\n<p>[\/vc_column_text][vc_single_image image=\u00bb862&#8243; alignment=\u00bbcenter\u00bb onclick=\u00bbcustom_link\u00bb img_link_target=\u00bb_blank\u00bb link=\u00bbhttp:\/\/p.wallapop.com\/p\/91557322?_pid=wi&amp;_uid=91557322&amp;_me=s_ios\u00bb][vc_column_text css_animation=\u00bbleft-to-right\u00bb]Somos vendedores de telefon\u00eda, accesorios y electr\u00f3nica. Disponemos de servicio propio de reparaci\u00f3n de terminales amplias garant\u00edas. Pide presupuesto o inf\u00f3rmate con nosotros.[\/vc_column_text][vc_column_text css_animation=\u00bbleft-to-right\u00bb]<a class=\"etheme-popup video-popup\" style=\"color: #5196d6;\" href=\"https:\/\/youtu.be\/JyMyAuaGtL4\" target=\"_blank\" rel=\"noopener\"><i class=\"fa fa-play-circle-o\" style=\"padding-right: 14px; font-size: 2.7em;\"><\/i><span class=\"watch-span\" style=\"font-weight: 100; vertical-align: middle;\">Sobre el nuevo Iphone<\/span><\/a>[\/vc_column_text][\/vc_column][vc_column width=\u00bb1\/2&#8243; el_class=\u00bbet-first-image\u00bb][vc_single_image image=\u00bb42&#8243; img_size=\u00bblarge\u00bb css_animation=\u00bbright-to-left\u00bb][\/vc_column][\/vc_row][vc_row full_width=\u00bbstretch_row\u00bb content_placement=\u00bbmiddle\u00bb background_position=\u00bbleft\u00bb css=\u00bb.vc_custom_1656166022497{padding-top: 15vw !important;padding-right: 15vw !important;padding-bottom: 15vw !important;padding-left: 15vw !important;background: #5196d5 url(https:\/\/centromoviljj.com\/wp-content\/uploads\/2022\/06\/280fd528-970a-40ac-bba4-64b7941d1649.png?id=853) !important;background-position: 0 0 !important;background-repeat: no-repeat !important;}\u00bb _et_uniqid=\u00bbet_custom_uniqid_new_62b716705a688&#8243;][vc_column width=\u00bb1\/2&#8243;][\/vc_column][vc_column width=\u00bb1\/2&#8243;][vc_custom_heading text=\u00bbUNA ESTUPENDA MANERA DE HACER TUS COMPRAS CON NOSOTROS\u00bb font_container=\u00bbtag:h2|font_size:3.45em|text_align:left\u00bb use_theme_fonts=\u00bbyes\u00bb el_class=\u00bbmobile-heading wpb_animate_when_almost_visible wpb_right-to-left\u00bb][vc_column_text css_animation=\u00bbright-to-left\u00bb]<span style=\"color: #ffffff;\">Todos nuestros clientes han quedado satisfechos con la transacci\u00f3n, y se han beneficiado de nuestras mejores ofertas, atenci\u00f3n al cliente y el mejor servicio t\u00e9cnico.<\/span>[\/vc_column_text][vc_row_inner equal_height=\u00bbyes\u00bb][vc_column_inner width=\u00bb1\/4&#8243; offset=\u00bbvc_col-lg-2 vc_col-md-2 vc_col-xs-4&#8243;][vc_single_image image=\u00bb772&#8243; css_animation=\u00bbleft-to-right\u00bb el_class=\u00bbet-icon-image\u00bb][\/vc_column_inner][vc_column_inner width=\u00bb1\/4&#8243; offset=\u00bbvc_col-lg-4 vc_col-md-3 vc_col-xs-7&#8243; css=\u00bb.vc_custom_1474532208744{margin-left: -30px !important;}\u00bb][vc_column_text css_animation=\u00bbleft-to-right\u00bb]<\/p>\n<h4 style=\"margin-bottom: 0px; font-weight: bold; text-align: center;\">ENV\u00cdOS ULTRAR\u00c1PIDOS<\/h4>\n<p style=\"text-align: center;\"><span style=\"color: #ffffff;\">24H\/48H A tu domicilio<\/span><\/p>\n<p>[\/vc_column_text][\/vc_column_inner][vc_column_inner width=\u00bb1\/4&#8243; offset=\u00bbvc_col-lg-2 vc_col-md-2 vc_col-xs-4&#8243;][vc_single_image image=\u00bb773&#8243; css_animation=\u00bbright-to-left\u00bb el_class=\u00bbet-icon-image\u00bb][\/vc_column_inner][vc_column_inner width=\u00bb1\/4&#8243; css=\u00bb.vc_custom_1474532219363{margin-left: -30px !important;}\u00bb offset=\u00bbvc_col-lg-4 vc_col-md-3 vc_col-xs-7&#8243;][vc_column_text css_animation=\u00bbright-to-left\u00bb el_class=\u00bbet-icon-text first\u00bb]<\/p>\n<h4 style=\"margin-bottom: 0px; font-weight: bold; text-align: center;\">PAGO SEGURO Y FIABLE<\/h4>\n<p style=\"text-align: center;\"><span style=\"color: #ffffff;\">Por medio venta por Wallapop<\/span><\/p>\n<p>[\/vc_column_text][\/vc_column_inner][\/vc_row_inner][vc_single_image image=\u00bb880&#8243; img_size=\u00bbmedium\u00bb alignment=\u00bbcenter\u00bb onclick=\u00bbcustom_link\u00bb link=\u00bbhttps:\/\/es.wallapop.com\/app\/user\/harbeyc-91557322-08z8eeyqnrz3\/published\u00bb][\/vc_column][\/vc_row][vc_row el_id=\u00bbBLOG\u00bb css=\u00bb.vc_custom_1656111250962{margin-bottom: 7vw !important;}\u00bb _et_uniqid=\u00bbet_custom_uniqid_new_62b6406c375dc\u00bb][vc_column][vc_custom_heading text=\u00bbNOTICIAS DE ACTUALIDAD TECH\u00bb font_container=\u00bbtag:h2|font_size:3.45em|text_align:center\u00bb use_theme_fonts=\u00bbyes\u00bb el_class=\u00bbwpb_animate_when_almost_visible wpb_appear\u00bb][vc_column_text css_animation=\u00bbappear\u00bb css=\u00bb.vc_custom_1655843047194{margin-bottom: 65px !important;}\u00bb]<\/p>\n<p style=\"text-align: center; max-width: 600px; margin: 0 auto;\">Una selecci\u00f3n de noticias de inter\u00e9s sobre nuestro sector y productos.<\/p>\n<p>[\/vc_column_text]<div class=\"swiper-entry  middle arrows-hover\">\r\n\t                <div\r\n\t                    class=\"swiper-container carousel-area  posts-slider slider-3140 \"\r\n\t                    \r\n\t                    data-breakpoints=\"1\"\r\n\t                    data-xs-slides=\"2\"\r\n\t                    data-sm-slides=\"2\"\r\n\t                    data-md-slides=\"3\"\r\n\t                    data-lt-slides=\"3\"\r\n\t                    data-slides-per-view=\"3\"\r\n\t                    data-autoheight=\"1\"\r\n\t                    data-slides-per-group=\"1\"\r\n\t                    data-autoplay=\"\"\r\n\t                    data-speed=\"300\"  \r\n\t                >\r\n\t            <div class=\"swiper-wrapper\"><div class=\"swiper-slide\" style=\"width:33.333333333333%\">\r\n<article class=\"blog-post post-grid col-md-4 grid-sizer byline-on content-default slide-view-vertical blog-align-center post-780 post type-post status-publish format-standard has-post-thumbnail hentry category-sin-categoria\" id=\"post-780\">\r\n    <div>\r\n        \t\t\t\t\t\r\n\t\t\t<div class=\"wp-picture blog-hover-zoom\">\r\n\t\t\t\t\r\n\t\t\t\t\t\t\t\t\t<a href=\"https:\/\/centromoviljj.com\/?p=780\">\r\n\t\t\t\t\t\t<img loading=\"lazy\" decoding=\"async\" class=\"\" src=\"https:\/\/centromoviljj.com\/wp-content\/uploads\/2022\/06\/450_1000-370x270.jpg\" width=\"370\" height=\"270\" alt=\"450_1000\" title=\"450_1000\" \/>\t\t\t\t\t<\/a>\r\n\t\t\t\t\t\t\t\t\t<div class=\"blog-mask\">\r\n\t\t\t\t\t\t\t\t\t\t\t\t\t<div class=\"blog-mask-inner\">\r\n\t\t\t\t\t\t\t\t<div class=\"svg-wrapper\">\r\n\t\t\t\t\t\t\t\t\t<a href=\"https:\/\/centromoviljj.com\/?p=780\">\r\n\t\t\t\t\t\t\t\t\t\t<svg height=\"40\" width=\"150\" xmlns=\"http:\/\/www.w3.org\/2000\/svg\">\r\n\t\t\t\t\t\t\t\t\t\t\t<rect class=\"shape\" height=\"40\" width=\"150\" \/>\r\n\t\t\t\t\t\t\t\t\t\t<\/svg>\r\n\t\t\t\t\t\t\t\t\t\t<span class=\"btn btn-read-more style-custom\">Read more<\/span>\r\n\t\t\t\t\t\t\t\t\t<\/a>\r\n\t\t\t\t\t\t\t\t<\/div>\r\n\t\t\t\t\t\t\t<\/div>\r\n\t\t\t\t\t\t\t\t\t\t\t<\/div>\r\n\t\t\t\t\t\t\t\t\r\n\t\t\t\t\t\t\t<\/div>\r\n\t\t\t\t\r\n        <div class=\"grid-post-body\">\r\n            <div class=\"post-heading\">\r\n                <h2><a href=\"https:\/\/centromoviljj.com\/?p=780\">Telegram Premium ya es oficial: cu\u00e1nto cuesta y todas las funciones &#8216;premium&#8217; que incluye<\/a><\/h2>\r\n                                    \t\t<div class=\"meta-post\">\r\n\t\t\t\t\t\t<a href=\"https:\/\/centromoviljj.com\/?p=780#respond\" class=\"post-comments-count\" ><span>0<\/span><\/a>\t\t\t\t\t<\/div>\r\n\t\t                            <\/div>\r\n\r\n            <div class=\"content-article\">\r\n                El que avisa no es traidor. Hace unos d\u00edas&nbsp;se filtraban detalles sobre Telegram Premium&nbsp;y, d\u00edas despu\u00e9s, el propio P\u00e1vel D\u00farov&nbsp;anunciaba sus principales novedades.&nbsp;Telegram Premium ya...                <a href=\"https:\/\/centromoviljj.com\/?p=780\" class=\"more-button\"><span class=\"read-more\">Continue reading<\/span><\/a>            <\/div>\r\n        <\/div>\r\n    <\/div>\r\n<\/article>\r\n\r\n<\/div><div class=\"swiper-slide\" style=\"width:33.333333333333%\">\r\n<article class=\"blog-post post-grid col-md-4 byline-on content-default slide-view-vertical blog-align-center post-744 post type-post status-publish format-standard has-post-thumbnail hentry category-sin-categoria\" id=\"post-744\">\r\n    <div>\r\n        \t\t\t\t\t\r\n\t\t\t<div class=\"wp-picture blog-hover-zoom\">\r\n\t\t\t\t\r\n\t\t\t\t\t\t\t\t\t<a href=\"https:\/\/centromoviljj.com\/?p=744\">\r\n\t\t\t\t\t\t<img loading=\"lazy\" decoding=\"async\" class=\"\" src=\"https:\/\/centromoviljj.com\/wp-content\/uploads\/2022\/06\/1653487332_676054_1653487581_rrss_normal-370x270.jpeg\" width=\"370\" height=\"270\" alt=\"1653487332_676054_1653487581_rrss_normal\" title=\"1653487332_676054_1653487581_rrss_normal\" \/>\t\t\t\t\t<\/a>\r\n\t\t\t\t\t\t\t\t\t<div class=\"blog-mask\">\r\n\t\t\t\t\t\t\t\t\t\t\t\t\t<div class=\"blog-mask-inner\">\r\n\t\t\t\t\t\t\t\t<div class=\"svg-wrapper\">\r\n\t\t\t\t\t\t\t\t\t<a href=\"https:\/\/centromoviljj.com\/?p=744\">\r\n\t\t\t\t\t\t\t\t\t\t<svg height=\"40\" width=\"150\" xmlns=\"http:\/\/www.w3.org\/2000\/svg\">\r\n\t\t\t\t\t\t\t\t\t\t\t<rect class=\"shape\" height=\"40\" width=\"150\" \/>\r\n\t\t\t\t\t\t\t\t\t\t<\/svg>\r\n\t\t\t\t\t\t\t\t\t\t<span class=\"btn btn-read-more style-custom\">Read more<\/span>\r\n\t\t\t\t\t\t\t\t\t<\/a>\r\n\t\t\t\t\t\t\t\t<\/div>\r\n\t\t\t\t\t\t\t<\/div>\r\n\t\t\t\t\t\t\t\t\t\t\t<\/div>\r\n\t\t\t\t\t\t\t\t\r\n\t\t\t\t\t\t\t<\/div>\r\n\t\t\t\t\r\n        <div class=\"grid-post-body\">\r\n            <div class=\"post-heading\">\r\n                <h2><a href=\"https:\/\/centromoviljj.com\/?p=744\">Amazfit T-Rex 2, an\u00e1lisis: el reloj todo-terreno que me llevar\u00eda al fin del mundo<\/a><\/h2>\r\n                                    \t\t<div class=\"meta-post\">\r\n\t\t\t\t\t\t<a href=\"https:\/\/centromoviljj.com\/?p=744#respond\" class=\"post-comments-count\" ><span>0<\/span><\/a>\t\t\t\t\t<\/div>\r\n\t\t                            <\/div>\r\n\r\n            <div class=\"content-article\">\r\n                En 2020 Amazfit presentaba su&nbsp;T-Rex. Un&nbsp;reloj en calidad-precio&nbsp;orientado al uso en deportes de alta monta\u00f1a, atletismo, entrenamiento intensivo de fuerza y otros deportes exigentes. Su...                <a href=\"https:\/\/centromoviljj.com\/?p=744\" class=\"more-button\"><span class=\"read-more\">Continue reading<\/span><\/a>            <\/div>\r\n        <\/div>\r\n    <\/div>\r\n<\/article>\r\n\r\n<\/div><div class=\"swiper-slide\" style=\"width:33.333333333333%\">\r\n<article class=\"blog-post post-grid col-md-4 byline-on content-default slide-view-vertical blog-align-center post-742 post type-post status-publish format-standard has-post-thumbnail hentry category-sin-categoria\" id=\"post-742\">\r\n    <div>\r\n        \t\t\t\t\t\r\n\t\t\t<div class=\"wp-picture blog-hover-zoom\">\r\n\t\t\t\t\r\n\t\t\t\t\t\t\t\t\t<a href=\"https:\/\/centromoviljj.com\/?p=742\">\r\n\t\t\t\t\t\t<img loading=\"lazy\" decoding=\"async\" class=\"\" src=\"https:\/\/centromoviljj.com\/wp-content\/uploads\/2022\/06\/450_1000-370x270.jpeg\" width=\"370\" height=\"270\" alt=\"450_1000\" title=\"450_1000\" \/>\t\t\t\t\t<\/a>\r\n\t\t\t\t\t\t\t\t\t<div class=\"blog-mask\">\r\n\t\t\t\t\t\t\t\t\t\t\t\t\t<div class=\"blog-mask-inner\">\r\n\t\t\t\t\t\t\t\t<div class=\"svg-wrapper\">\r\n\t\t\t\t\t\t\t\t\t<a href=\"https:\/\/centromoviljj.com\/?p=742\">\r\n\t\t\t\t\t\t\t\t\t\t<svg height=\"40\" width=\"150\" xmlns=\"http:\/\/www.w3.org\/2000\/svg\">\r\n\t\t\t\t\t\t\t\t\t\t\t<rect class=\"shape\" height=\"40\" width=\"150\" \/>\r\n\t\t\t\t\t\t\t\t\t\t<\/svg>\r\n\t\t\t\t\t\t\t\t\t\t<span class=\"btn btn-read-more style-custom\">Read more<\/span>\r\n\t\t\t\t\t\t\t\t\t<\/a>\r\n\t\t\t\t\t\t\t\t<\/div>\r\n\t\t\t\t\t\t\t<\/div>\r\n\t\t\t\t\t\t\t\t\t\t\t<\/div>\r\n\t\t\t\t\t\t\t\t\r\n\t\t\t\t\t\t\t<\/div>\r\n\t\t\t\t\r\n        <div class=\"grid-post-body\">\r\n            <div class=\"post-heading\">\r\n                <h2><a href=\"https:\/\/centromoviljj.com\/?p=742\">No es una herej\u00eda. Resulta que el iPhone puede ser personalizable<\/a><\/h2>\r\n                                    \t\t<div class=\"meta-post\">\r\n\t\t\t\t\t\t<a href=\"https:\/\/centromoviljj.com\/?p=742#respond\" class=\"post-comments-count\" ><span>0<\/span><\/a>\t\t\t\t\t<\/div>\r\n\t\t                            <\/div>\r\n\r\n            <div class=\"content-article\">\r\n                Resulta que, para Apple, no era tan pecado lo de permitir a los usuarios\u00a0personalizar su iPhone. Durante generaciones, se ha avivado el debate entre si...                <a href=\"https:\/\/centromoviljj.com\/?p=742\" class=\"more-button\"><span class=\"read-more\">Continue reading<\/span><\/a>            <\/div>\r\n        <\/div>\r\n    <\/div>\r\n<\/article>\r\n\r\n<\/div><\/div><!-- slider wrapper--><div class=\"swiper-pagination \"><\/div><\/div><!-- slider container--><\/div><div class=\"clear\"><\/div><!-- slider-entry -->[\/vc_column][\/vc_row][vc_row full_width=\u00bbstretch_row\u00bb css=\u00bb.vc_custom_1656170352846{padding-top: 35px !important;padding-bottom: 10px !important;background-color: #5196d5 !important;}\u00bb el_id=\u00bbCONTACTAR\u00bb _et_uniqid=\u00bbet_custom_uniqid_new_62b7274ae9734&#8243;][vc_column _et_uniqid=\u00bbet_custom_uniqid_new_62b63e62800e6&#8243;][vc_custom_heading text=\u00bb\u00bfQUIERES INFORMARTE O CONTACTAR?\u00bb font_container=\u00bbtag:h2|font_size:2.6em|text_align:left\u00bb use_theme_fonts=\u00bbyes\u00bb el_class=\u00bbwpb_animate_when_almost_visible wpb_left-to-right\u00bb][vc_raw_html]JTVCZm9ybWlkYWJsZSUyMGlkJTNEMiUyMHRpdGxlJTNEdHJ1ZSUyMGRlc2NyaXB0aW9uJTNEdHJ1ZSU1RA==[\/vc_raw_html][\/vc_column][\/vc_row][vc_row el_id=\u00bbMAPA\u00bb _et_uniqid=\u00bbet_custom_uniqid_new_62b71da9ee7dc\u00bb][vc_column width=\u00bb1\/2&#8243;][vc_raw_html]JTNDaWZyYW1lJTIwc3JjJTNEJTIyaHR0cHMlM0ElMkYlMkZ3d3cuZ29vZ2xlLmNvbSUyRm1hcHMlMkZlbWJlZCUzRnBiJTNEJTIxMW0xOCUyMTFtMTIlMjExbTMlMjExZDI4OTIuMzk0OTA3MDY5ODcyNyUyMTJkLTUuNjY5NTc1ODg1MDgzMTA1NSUyMTNkNDMuNTM1ODA5MzY4MDMyNjclMjEybTMlMjExZjAlMjEyZjAlMjEzZjAlMjEzbTIlMjExaTEwMjQlMjEyaTc2OCUyMTRmMTMuMSUyMTNtMyUyMTFtMiUyMTFzMHhkMzY3ZDc3N2Y3ZjViYTUlMjUzQTB4MmFhMDU3ODQ1M2I5NGQ5ZCUyMTJzQ2VudHJvJTI1MjBNJTI1QzMlMjVCM3ZpbCUyNTIwSiUyNTI2SiUyMTVlMCUyMTNtMiUyMTFzZXMlMjEyc2VzJTIxNHYxNjU2MTY3MzQyMjY5JTIxNW0yJTIxMXNlcyUyMTJzZXMlMjIlMjB3aWR0aCUzRCUyMjYwMCUyMiUyMGhlaWdodCUzRCUyMjQ1MCUyMiUyMHN0eWxlJTNEJTIyYm9yZGVyJTNBMCUzQiUyMiUyMGFsbG93ZnVsbHNjcmVlbiUzRCUyMiUyMiUyMGxvYWRpbmclM0QlMjJsYXp5JTIyJTIwcmVmZXJyZXJwb2xpY3klM0QlMjJuby1yZWZlcnJlci13aGVuLWRvd25ncmFkZSUyMiUzRSUzQyUyRmlmcmFtZSUzRQ==[\/vc_raw_html][\/vc_column][vc_column width=\u00bb1\/2&#8243;][vc_custom_heading text=\u00bbUBICACION DE TIENDA FISICA\u00bb font_container=\u00bbtag:h2|font_size:2.6em|text_align:left\u00bb use_theme_fonts=\u00bbyes\u00bb el_class=\u00bbwpb_animate_when_almost_visible wpb_right-to-left\u00bb][vc_column_text css_animation=\u00bbright-to-left\u00bb]<\/p>\n<p style=\"font-weight: 300; font-size: 1.3em;\">Estaremos encantados de recibir tu visita y poder antenderte en nuestras instalaciones. \u00a1Ven a conocernos!<\/p>\n<p>[\/vc_column_text][vc_row_inner][vc_column_inner width=\u00bb1\/2&#8243;]        <link rel=\"stylesheet\" href=\"https:\/\/centromoviljj.com\/wp-content\/themes\/xstore\/css\/modules\/builders\/icon-boxes.min.css\" type=\"text\/css\" media=\"all\" \/> \t\t\r\n\t\t<div\r\n                class=\"ibox-block et-icon-3 wpb_animate_when_almost_visible wpb_right-to-left box-3034 icon-left align-left table\"\r\n                        >\r\n\t\t\t\t\t\t\t<div class=\"ibox-symbol\">\r\n\t\t\t\t\t<i class=\"fa fa-map-marker\"><\/i>\t\t\t\t<\/div>\r\n\t\t\t\r\n\t\t\t<div class=\"ibox-content\">\r\n\t\t\t\t<h3 class=\"text-uppercase\">Direcci\u00f3n<\/h3>\r\n\t\t\t\t\r\n\t\t\t\t\t\t\t<\/div>\r\n\r\n\t\t\t\r\n\t\t<\/div>\r\n\r\n\t\t[vc_column_text css_animation=\u00bbright-to-left\u00bb]Avd. Constituci\u00f3n 30, Gij\u00f3n 33207 (Asturias)[\/vc_column_text]        <link rel=\"stylesheet\" href=\"https:\/\/centromoviljj.com\/wp-content\/themes\/xstore\/css\/modules\/builders\/icon-boxes.min.css\" type=\"text\/css\" media=\"all\" \/> \t\t\r\n\t\t<div\r\n                class=\"ibox-block et-icon-3 wpb_animate_when_almost_visible wpb_right-to-left box-7831 icon-left align-left table\"\r\n                        >\r\n\t\t\t\t\t\t\t<div class=\"ibox-symbol\">\r\n\t\t\t\t\t<i class=\"fa fa-clock-o\"><\/i>\t\t\t\t<\/div>\r\n\t\t\t\r\n\t\t\t<div class=\"ibox-content\">\r\n\t\t\t\t<h3 class=\"text-uppercase\">Horario<\/h3>\r\n\t\t\t\t\r\n\t\t\t\t\t\t\t<\/div>\r\n\r\n\t\t\t\r\n\t\t<\/div>\r\n\r\n\t\t[vc_column_text css_animation=\u00bbright-to-left\u00bb]<strong>Lunes \u2013 Viernes<\/strong>\u00a010:00-13:30<\/p>\n<p>16:30-19:30<\/p>\n<p><strong>S\u00e1bados<\/strong>\u00a010:00-13:00[\/vc_column_text][\/vc_column_inner][vc_column_inner width=\u00bb1\/2&#8243;]        <link rel=\"stylesheet\" href=\"https:\/\/centromoviljj.com\/wp-content\/themes\/xstore\/css\/modules\/builders\/icon-boxes.min.css\" type=\"text\/css\" media=\"all\" \/> \t\t\r\n\t\t<div\r\n                class=\"ibox-block et-icon-3 wpb_animate_when_almost_visible wpb_right-to-left box-7418 icon-left align-left table\"\r\n                        >\r\n\t\t\t\t\t\t\t<div class=\"ibox-symbol\">\r\n\t\t\t\t\t<i class=\"fa fa-phone\"><\/i>\t\t\t\t<\/div>\r\n\t\t\t\r\n\t\t\t<div class=\"ibox-content\">\r\n\t\t\t\t<h3 class=\"text-uppercase\">Tel\u00e9fono<\/h3>\r\n\t\t\t\t\r\n\t\t\t\t\t\t\t<\/div>\r\n\r\n\t\t\t\r\n\t\t<\/div>\r\n\r\n\t\t[vc_column_text css_animation=\u00bbright-to-left\u00bb]<strong>Tlf.<\/strong>\u00a0684 665 401 \u2013 984 089 497[\/vc_column_text]        <link rel=\"stylesheet\" href=\"https:\/\/centromoviljj.com\/wp-content\/themes\/xstore\/css\/modules\/builders\/icon-boxes.min.css\" type=\"text\/css\" media=\"all\" \/> \t\t\r\n\t\t<div\r\n                class=\"ibox-block et-icon-3 wpb_animate_when_almost_visible wpb_right-to-left box-3770 icon-left align-left table\"\r\n                        >\r\n\t\t\t\t\t\t\t<div class=\"ibox-symbol\">\r\n\t\t\t\t\t<i class=\"fa fa-envelope\"><\/i>\t\t\t\t<\/div>\r\n\t\t\t\r\n\t\t\t<div class=\"ibox-content\">\r\n\t\t\t\t<h3 class=\"text-uppercase\">Email<\/h3>\r\n\t\t\t\t\r\n\t\t\t\t\t\t\t<\/div>\r\n\r\n\t\t\t\r\n\t\t<\/div>\r\n\r\n\t\t[vc_column_text css_animation=\u00bbright-to-left\u00bb]<a href=\"mailto:Centromoviljj9@gmail.com\">Centromoviljj9@gmail.com<\/a>[\/vc_column_text][\/vc_column_inner][\/vc_row_inner][\/vc_column][\/vc_row]<\/p>\n","protected":false},"excerpt":{"rendered":"<p>[vc_row content_placement=\u00bbmiddle\u00bb css=\u00bb.vc_custom_1656163602354{margin-bottom: -10vw !important;}\u00bb el_id=\u00bbet-introductions\u00bb _et_uniqid=\u00bbet_custom_uniqid_new_62b70d084d911&#8243;][vc_column width=\u00bb1\/2&#8243; el_class=\u00bbet-first-image\u00bb][vc_column_text css_animation=\u00bbleft-to-right\u00bb] Tu tienda de tecnolog\u00eda de confianza. Visita nuestra tienda online [\/vc_column_text][vc_single_image image=\u00bb862&#8243; alignment=\u00bbcenter\u00bb onclick=\u00bbcustom_link\u00bb img_link_target=\u00bb_blank\u00bb&#8230;<\/p>\n","protected":false},"author":1,"featured_media":0,"parent":0,"menu_order":0,"comment_status":"closed","ping_status":"closed","template":"","meta":{"footnotes":""},"class_list":["post-18","page","type-page","status-publish","hentry"],"_links":{"self":[{"href":"https:\/\/centromoviljj.com\/index.php?rest_route=\/wp\/v2\/pages\/18","targetHints":{"allow":["GET"]}}],"collection":[{"href":"https:\/\/centromoviljj.com\/index.php?rest_route=\/wp\/v2\/pages"}],"about":[{"href":"https:\/\/centromoviljj.com\/index.php?rest_route=\/wp\/v2\/types\/page"}],"author":[{"embeddable":true,"href":"https:\/\/centromoviljj.com\/index.php?rest_route=\/wp\/v2\/users\/1"}],"replies":[{"embeddable":true,"href":"https:\/\/centromoviljj.com\/index.php?rest_route=%2Fwp%2Fv2%2Fcomments&post=18"}],"version-history":[{"count":60,"href":"https:\/\/centromoviljj.com\/index.php?rest_route=\/wp\/v2\/pages\/18\/revisions"}],"predecessor-version":[{"id":897,"href":"https:\/\/centromoviljj.com\/index.php?rest_route=\/wp\/v2\/pages\/18\/revisions\/897"}],"wp:attachment":[{"href":"https:\/\/centromoviljj.com\/index.php?rest_route=%2Fwp%2Fv2%2Fmedia&parent=18"}],"curies":[{"name":"wp","href":"https:\/\/api.w.org\/{rel}","templated":true}]}}